{"id":369,"date":"2018-12-09T17:23:32","date_gmt":"2018-12-09T17:23:32","guid":{"rendered":"http:\/\/opcina-prgomet.hr\/wp\/?page_id=369"},"modified":"2026-04-08T11:24:31","modified_gmt":"2026-04-08T11:24:31","slug":"ustanove-i-udruge","status":"publish","type":"page","link":"http:\/\/opcina-prgomet.hr\/wp\/ustanove-i-udruge\/","title":{"rendered":"Ustanove i udruge"},"content":{"rendered":"\r\n<p>USTANOVE I UDRUGE<\/p>\r\n\r\n\r\n\r\n<p>\u017dUPNI URED Prgomet<\/p>\r\n\r\n\r\n\r\n<pre class=\"wp-block-code\"><code> (crkve; sv.Stjepana u Prgometu, sv. Silvestra u Labinu i sv. Ante u Oporu)  \r\n \u017dupnik: Mladen Kova\u010di\u0107, Put Mate Motike 18, 21201 Prgomet\r\n gsm: 091\/793 4568<\/code><\/pre>\r\n\r\n\r\n\r\n<p>\u017dUPNI URED Perkovi\u0107<\/p>\r\n\r\n\r\n\r\n<pre class=\"wp-block-code\"><code> (crkve; sv.Jure u Sitnom i sv. Nikole u Bogdanovi\u0107ima)  \r\n \u017dupnik: Fra. Branko Miji\u0107,  22205 Perkovi\u0107\r\n gsm: 091\/7635-314, tel: 022\/772-333<\/code><\/pre>\r\n\r\n\r\n\r\n<p>\u017dUPNI URED Primorski dolac<\/p>\r\n\r\n\r\n\r\n<pre class=\"wp-block-code\"><code> (crkva; sv.Stjepana u Trolokvama)   \r\n \u017dupnik: Fra. Josip (\u017darko) Mandari\u0107, Bakovi\u0107i 66, 21227 Primorski Dolac\r\n tel:021\/899-390<\/code><\/pre>\r\n<p><strong>Javni poziv za dostavu financijskih izvje\u0161taja za 2018.god.:<\/strong><\/p>\r\n<p><a href=\"http:\/\/opcina-prgomet.hr\/wp\/wp-content\/uploads\/2019\/02\/Javni-poziv-za-dostavu-financijskih-izvje\u0161taja-u-2018.pdf\">Javni poziv za dostavu financijskih izvje\u0161taja u 2018<\/a><\/p>\r\n<p><a href=\"http:\/\/opcina-prgomet.hr\/wp\/wp-content\/uploads\/2019\/02\/obrazac_PROR-POT.xls\">Obrazac_PROR-POT<\/a><\/p>\r\n<p>&nbsp;<\/p>\r\n<p><strong>Javni poziv za dostavu financijskih izvje\u0161taja u 2019.<\/strong>:<\/p>\r\n<p><a href=\"http:\/\/opcina-prgomet.hr\/wp\/wp-content\/uploads\/2020\/01\/Javni-poziv.pdf\">Javni poziv<\/a><\/p>\r\n<p><a href=\"http:\/\/opcina-prgomet.hr\/wp\/wp-content\/uploads\/2020\/01\/obrazac_PROR-POT.xls\">Obrazac_<\/a><a href=\"http:\/\/opcina-prgomet.hr\/wp\/wp-content\/uploads\/2020\/01\/obrazac_PROR-POT.xls\">PROR-POT<\/a><\/p>\r\n<hr \/>\r\n<p><a href=\"http:\/\/opcina-prgomet.hr\/wp\/wp-content\/uploads\/2020\/03\/Pravilnik-o-financiranju-javnih-potreba-Op\u0107ine-Prgomet.doc\">Pravilnik o financiranju javnih potreba Op\u0107ine Prgomet<\/a><\/p>\r\n<hr \/>\r\n<p><strong>JAVNI POZIV <\/strong><strong>UDRUGAMA GRA\u0110ANA I OSTALIM KORISNICIMA PRORA\u010cUNSKIH SREDSTAVA OP\u0106INE PRGOMET U 2020. GODINI<\/strong><\/p>\r\n<p><a href=\"http:\/\/opcina-prgomet.hr\/wp\/wp-content\/uploads\/2021\/01\/JavniPoziv.docx\">JavniPoziv<\/a><\/p>\r\n<p><a href=\"http:\/\/opcina-prgomet.hr\/wp\/wp-content\/uploads\/2021\/01\/obrazac_PROR-POT.xls\">obrazac_PROR-POT<\/a><\/p>\r\n<p><a href=\"http:\/\/opcina-prgomet.hr\/wp\/wp-content\/uploads\/2021\/02\/Tablica-donacija-udruga-2020.god_..doc\">Tablica donacija udruga 2020.god<\/a><\/p>\r\n<hr \/>\r\n<p><strong>Javni poziv za dostavu financijskih izvje\u0161taja u 2021.god.<\/strong><\/p>\r\n<p><a href=\"http:\/\/opcina-prgomet.hr\/wp\/wp-content\/uploads\/2022\/03\/JavniPoziv.docx\">JavniPoziv<\/a><\/p>\r\n<p><a href=\"http:\/\/opcina-prgomet.hr\/wp\/wp-content\/uploads\/2022\/03\/obrazac_PROR-POT.xls\">obrazac_PROR-POT<\/a><\/p>\r\n<p><a href=\"http:\/\/opcina-prgomet.hr\/wp\/wp-content\/uploads\/2022\/03\/Tablica-donacija-udruga-2021.-god..doc\">Tablica donacija udruga 2021. god.<\/a><\/p>\r\n<hr \/>\r\n<p><strong>Javni poziv za dostavu financijskih izvje\u0161taja u 2022.god.<\/strong><\/p>\r\n<p><a href=\"http:\/\/opcina-prgomet.hr\/wp\/wp-content\/uploads\/2023\/01\/JavniPoziv.docx\">JavniPoziv<\/a><\/p>\r\n<p><a href=\"http:\/\/opcina-prgomet.hr\/wp\/wp-content\/uploads\/2023\/01\/obrazac_PROR-POT.xls\">obrazac_PROR-POT<\/a><\/p>\r\n<p><a href=\"https:\/\/opcina-prgomet.hr\/wp\/wp-content\/uploads\/2023\/02\/Tablica-donacija-udruga-2022..doc\">Tablica donacija udruga 2022.<\/a><\/p>\r\n<hr \/>\r\n<p><strong>Javni poziv za dostavom financijskih izvje\u0161taja u 2023.\u00a0<\/strong><\/p>\r\n<p><a href=\"https:\/\/opcina-prgomet.hr\/wp\/wp-content\/uploads\/2024\/01\/obrazac_PROR-POT.xls\">obrazac_PROR-POT<\/a><\/p>\r\n<p><a href=\"https:\/\/opcina-prgomet.hr\/wp\/wp-content\/uploads\/2024\/01\/JavniPoziv.docx\">JavniPoziv<\/a><\/p>\r\n<hr \/>\r\n<p><a href=\"https:\/\/opcina-prgomet.hr\/wp\/wp-content\/uploads\/2024\/03\/Tablica-donacija-udruga-2023.-god.-objava.docx\">Tablica donacija udruga 2023. god.<\/a><\/p>\r\n<hr \/>\r\n<p><b>Javni poziv za dostavu financijskih izvje\u0161taja za 2024. god.<\/b><\/p>\r\n<p><a href=\"https:\/\/opcina-prgomet.hr\/wp\/wp-content\/uploads\/2025\/01\/obrazac_PROR-POT.xlsx\">obrazac_PROR-POT<\/a><\/p>\r\n<p><a href=\"https:\/\/opcina-prgomet.hr\/wp\/wp-content\/uploads\/2025\/01\/JavniPoziv.docx\">JavniPoziv<\/a><\/p>\r\n<p><a href=\"https:\/\/opcina-prgomet.hr\/wp\/wp-content\/uploads\/2026\/04\/Tablica-donacija-2024.xlsx\">Tablica donacija &#8211; 2024<\/a><\/p>\r\n<hr \/>\r\n<p><strong>Javni poziv za dostavu financijskih izvje\u0161taja u 2025.god<\/strong><\/p>\r\n<p><a href=\"https:\/\/opcina-prgomet.hr\/wp\/wp-content\/uploads\/2026\/04\/obrazac_PROR-POT.xlsx\">obrazac_PROR-POT<\/a><\/p>\r\n<p><a href=\"https:\/\/opcina-prgomet.hr\/wp\/wp-content\/uploads\/2026\/04\/Tablica-donacija-2025.xlsx\">Tablica donacija &#8211; 2025<\/a><\/p>\r\n","protected":false},"excerpt":{"rendered":"<p>USTANOVE I UDRUGE \u017dUPNI URED Prgomet \u017dUPNI URED Perkovi\u0107 \u017dUPNI URED Primorski dolac<\/p>\n","protected":false},"author":1,"featured_media":0,"parent":0,"menu_order":0,"comment_status":"closed","ping_status":"closed","template":"","meta":{"footnotes":""},"class_list":["post-369","page","type-page","status-publish","hentry"],"_links":{"self":[{"href":"http:\/\/opcina-prgomet.hr\/wp\/wp-json\/wp\/v2\/pages\/369","targetHints":{"allow":["GET"]}}],"collection":[{"href":"http:\/\/opcina-prgomet.hr\/wp\/wp-json\/wp\/v2\/pages"}],"about":[{"href":"http:\/\/opcina-prgomet.hr\/wp\/wp-json\/wp\/v2\/types\/page"}],"author":[{"embeddable":true,"href":"http:\/\/opcina-prgomet.hr\/wp\/wp-json\/wp\/v2\/users\/1"}],"replies":[{"embeddable":true,"href":"http:\/\/opcina-prgomet.hr\/wp\/wp-json\/wp\/v2\/comments?post=369"}],"version-history":[{"count":17,"href":"http:\/\/opcina-prgomet.hr\/wp\/wp-json\/wp\/v2\/pages\/369\/revisions"}],"predecessor-version":[{"id":2450,"href":"http:\/\/opcina-prgomet.hr\/wp\/wp-json\/wp\/v2\/pages\/369\/revisions\/2450"}],"wp:attachment":[{"href":"http:\/\/opcina-prgomet.hr\/wp\/wp-json\/wp\/v2\/media?parent=369"}],"curies":[{"name":"wp","href":"https:\/\/api.w.org\/{rel}","templated":true}]}}