{"id":1884,"date":"2023-12-22T13:05:55","date_gmt":"2023-12-22T13:05:55","guid":{"rendered":"https:\/\/opcina-prgomet.hr\/wp\/?page_id=1884"},"modified":"2025-04-01T10:13:03","modified_gmt":"2025-04-01T10:13:03","slug":"proracun-za-2024","status":"publish","type":"page","link":"http:\/\/opcina-prgomet.hr\/wp\/proracun-za-2024\/","title":{"rendered":"Prora\u010dun za 2024."},"content":{"rendered":"<h5><strong>Prora\u010dun za 2024.god.<\/strong><\/h5>\n<p><a href=\"https:\/\/opcina-prgomet.hr\/wp\/wp-content\/uploads\/2023\/12\/Proracun-2024.-sa-projekcijama-2025.-i-2026.od_.pdf\">Prora\u010dun 2024. sa projekcijama 2025. i 2026.god.<\/a><\/p>\n<p><a href=\"https:\/\/opcina-prgomet.hr\/wp\/wp-content\/uploads\/2023\/12\/OBRAZLOZENJE-PLANA-PRORACUNA-ZA-2024-G.-OPCINA-PRGOMET.pdf\">OBRAZLO\u017dENJE PLANA PRORA\u010cUNA ZA 2024 G.-OP\u0106INA PRGOMET<\/a><\/p>\n<p><a href=\"https:\/\/opcina-prgomet.hr\/wp\/wp-content\/uploads\/2024\/01\/Izvrsavanje-proracuna-za-2024.god_.doc\">Izvr\u0161avanje prora\u010duna za 2024.god.<\/a><\/p>\n<hr \/>\n<h5>Programi gradnje i odr\u017eavanja objekata komunalne infrastrukture za 2024.god<\/h5>\n<p><a href=\"https:\/\/opcina-prgomet.hr\/wp\/wp-content\/uploads\/2024\/01\/Program-gradnje-objekata-komunalne-infrastrukture-u-2024.god_.doc\">Program gradnje objekata komunalne infrastrukture u 2024.god.<\/a><\/p>\n<p><a href=\"https:\/\/opcina-prgomet.hr\/wp\/wp-content\/uploads\/2024\/01\/Program-odrzavanja-objekta-i-uredaja-komunalne-infrastrukture-u-2024.god_.doc\">Program odr\u017eavanja objekta i ure\u0111aja komunalne infrastrukture u 2024.god.<\/a><\/p>\n<hr \/>\n<h5>Programi za 2024.god.<\/h5>\n<p><a href=\"https:\/\/opcina-prgomet.hr\/wp\/wp-content\/uploads\/2024\/01\/Plan-koristenja-sredstava-komunalne-naknade-za-2024.god_.doc\">Plan kori\u0161tenja sredstava komunalne naknade za 2024.god.<\/a><\/p>\n<p><a href=\"https:\/\/opcina-prgomet.hr\/wp\/wp-content\/uploads\/2024\/01\/Program-javnih-potreba-za-obavljanje-djelatnosti-stanice-HGSS-za-2024.god_.doc\">Program javnih potreba za obavljanje djelatnosti stanice HGSS za 2024.god.<\/a><\/p>\n<p><a href=\"https:\/\/opcina-prgomet.hr\/wp\/wp-content\/uploads\/2024\/01\/Program-rada-opcinskog-nacelnika-za-2024.godinu.doc\">Program rada op\u0107inskog na\u010delnika za 2024.godinu.<\/a><\/p>\n<p><a href=\"https:\/\/opcina-prgomet.hr\/wp\/wp-content\/uploads\/2024\/01\/Program-rada-opcinskog-vijeca-za-2024.god_.doc\">Program rada op\u0107inskog vije\u0107a za 2024.god.<\/a><\/p>\n<p><a href=\"https:\/\/opcina-prgomet.hr\/wp\/wp-content\/uploads\/2024\/01\/Program-sporta-i-kulture-za-2024.godinu.doc\">Program \u0161porta i kulture za 2024.godinu.<\/a><\/p>\n<p><a href=\"https:\/\/opcina-prgomet.hr\/wp\/wp-content\/uploads\/2024\/01\/Program-utroska-sredstava-baknade-za-zadrzavanje-nezakonito-izgradenih-zgrada-u-prostoru-za-2024.doc\">Program utro\u0161ka sredstava baknade za zadr\u017eavanje nezakonito izgra\u0111enih zgrada u prostoru za 2024.<\/a><\/p>\n<p><a href=\"https:\/\/opcina-prgomet.hr\/wp\/wp-content\/uploads\/2024\/01\/Socijalni-program-za-2024.god_.doc\">Socijalni program za 2024.god.<\/a><\/p>\n<hr \/>\n<h5>Informacije o utro\u0161ku sredstava:<\/h5>\n<p><a href=\"https:\/\/opcina-prgomet.hr\/wp\/wp-content\/uploads\/2024\/02\/SIJECANJ-2024.xlsx\">SIJE\u010cANJ 2024<\/a><\/p>\n<p><a href=\"https:\/\/opcina-prgomet.hr\/wp\/wp-content\/uploads\/2024\/03\/VELJACA-2024.xlsx\">VELJA\u010cA 2024<\/a><\/p>\n<hr \/>\n<h5>I.rebalans prora\u010duna za 2024.god.<\/h5>\n<p><a href=\"https:\/\/opcina-prgomet.hr\/wp\/wp-content\/uploads\/2024\/10\/Obrazlozenje-rebalansa-proracuna-Opcine-Prgomet-V.2.docx\">Obrazlo\u017eenje rebalansa prora\u010duna Op\u0107ine Prgomet V.2<\/a><\/p>\n<p><a href=\"https:\/\/opcina-prgomet.hr\/wp\/wp-content\/uploads\/2024\/10\/I-Rebalans-programa-odrzavanja-objekata-komunalne-infrastrukture-za-2024-V2.docx\">I Rebalans programa odr\u017eavanja objekata komunalne infrastrukture za 2024 V2<\/a><\/p>\n<p><a href=\"https:\/\/opcina-prgomet.hr\/wp\/wp-content\/uploads\/2024\/10\/I-Rebalans-programa-gradnje-objekata-komunalne-infrastrukture-za-2024-V.1.docx\">I Rebalans programa gradnje objekata komunalne infrastrukture za 2024 V.1<\/a><\/p>\n<p><a href=\"https:\/\/opcina-prgomet.hr\/wp\/wp-content\/uploads\/2024\/10\/I-REBALANS-PRORACUNA-OPCINE-PRGOMET-ZA-2024.GOD_.xlsx\">I REBALANS PRORA\u010cUNA OP\u0106INE PRGOMET ZA 2024.GOD.<\/a><\/p>\n<hr \/>\n<h5>Polugodi\u0161nji izvje\u0161taj o izvr\u0161enju prora\u010duna za 2024.god.<\/h5>\n<p><a href=\"https:\/\/opcina-prgomet.hr\/wp\/wp-content\/uploads\/2024\/10\/Polugodisnji-izvjestaj-o-izvrsenju-proracuna-za-2024.god_.-sa-obrazlozenjem.docx\">Polugodi\u0161nji izvje\u0161taj o izvr\u0161enju prora\u010duna za 2024.god. sa obrazlo\u017eenjem<\/a><\/p>\n<hr \/>\n<h4>II. Rebalans prora\u010duna za 2024.god.<\/h4>\n<p><a href=\"https:\/\/opcina-prgomet.hr\/wp\/wp-content\/uploads\/2024\/12\/NASLOVNA-STRANA-REBALANS-BR.2-V.2.xlsx\">NASLOVNA STRANA REBALANS BR.2 V.2<\/a><\/p>\n<p><a href=\"https:\/\/opcina-prgomet.hr\/wp\/wp-content\/uploads\/2024\/12\/Obrazlozenje-rebalansa-proracuna-Opcine-Prgomet-V.2.docx\">Obrazlo\u017eenje rebalansa prora\u010duna Op\u0107ine Prgomet V.2<\/a><\/p>\n<p><a href=\"https:\/\/opcina-prgomet.hr\/wp\/wp-content\/uploads\/2024\/12\/II-Rebalans-programa-gradnje-objekata-komunalne-infrastrukture-za-2024-V.1.docx\">II Rebalans programa gradnje objekata komunalne infrastrukture za 2024 V.1<\/a><\/p>\n<p><a href=\"https:\/\/opcina-prgomet.hr\/wp\/wp-content\/uploads\/2024\/12\/II-Rebalans-programa-odrzavanja-objekata-komunalne-infrastrukture-za-2024-V1.docx\">II Rebalans programa odr\u017eavanja objekata komunalne infrastrukture za 2024 V1<\/a><\/p>\n<hr \/>\n<h4>Godi\u0161nji izvje\u0161taj o izvr\u0161enju prora\u010dun za 2024.<\/h4>\n<p><a href=\"https:\/\/opcina-prgomet.hr\/wp\/wp-content\/uploads\/2025\/03\/Obrasci_financijskih_izvjestaja_v_8.1.5-prgomet.xlsx\">Obrasci_financijskih_izvjestaja_v_8.1.5 &#8211; Prgomet<\/a><\/p>\n<p><a href=\"https:\/\/opcina-prgomet.hr\/wp\/wp-content\/uploads\/2025\/03\/Obrasci_financijskih_izvjestaja_v_8.1.5-prgomet-23.xlsx\">Obrasci_financijskih_izvjestaja_v_8.1.5 Prgomet 23<\/a><\/p>\n<p><a href=\"https:\/\/opcina-prgomet.hr\/wp\/wp-content\/uploads\/2025\/04\/Godisnji-izvjestaj-o-izvrsenju-programa-gradnje-objekata-kom.infrastrukture-za-2024.god_.docx\">Godi\u0161nji izvje\u0161taj o izvr\u0161enju programa gradnje objekata kom.infrastrukture za 2024.god.<\/a><\/p>\n<p><a href=\"https:\/\/opcina-prgomet.hr\/wp\/wp-content\/uploads\/2025\/04\/Godisnji-izvjestaj-o-izvrsenju-programa-odrzavanja-objekata-kom.infrastrukture-za-2024.god_.docx\">Godi\u0161nji izvje\u0161taj o izvr\u0161enju programa odr\u017eavanja objekata kom.infrastrukture za 2024.god.<\/a><\/p>\n<p><a href=\"https:\/\/opcina-prgomet.hr\/wp\/wp-content\/uploads\/2025\/04\/Godisnji-izvjestaj-o-izvrsenju-proracuna-za-2024.god_.docx\">Godi\u0161nji izvje\u0161taj o izvr\u0161enju prora\u010duna za 2024.god.<\/a><\/p>\n","protected":false},"excerpt":{"rendered":"<p>Prora\u010dun za 2024.god. Prora\u010dun 2024. sa projekcijama 2025. i 2026.god. OBRAZLO\u017dENJE PLANA PRORA\u010cUNA ZA 2024 G.-OP\u0106INA PRGOMET Izvr\u0161avanje prora\u010duna za 2024.god. Programi gradnje i odr\u017eavanja objekata komunalne infrastrukture za 2024.god &hellip; <\/p>\n","protected":false},"author":1,"featured_media":0,"parent":0,"menu_order":0,"comment_status":"closed","ping_status":"closed","template":"","meta":{"footnotes":""},"class_list":["post-1884","page","type-page","status-publish","hentry"],"_links":{"self":[{"href":"http:\/\/opcina-prgomet.hr\/wp\/wp-json\/wp\/v2\/pages\/1884","targetHints":{"allow":["GET"]}}],"collection":[{"href":"http:\/\/opcina-prgomet.hr\/wp\/wp-json\/wp\/v2\/pages"}],"about":[{"href":"http:\/\/opcina-prgomet.hr\/wp\/wp-json\/wp\/v2\/types\/page"}],"author":[{"embeddable":true,"href":"http:\/\/opcina-prgomet.hr\/wp\/wp-json\/wp\/v2\/users\/1"}],"replies":[{"embeddable":true,"href":"http:\/\/opcina-prgomet.hr\/wp\/wp-json\/wp\/v2\/comments?post=1884"}],"version-history":[{"count":15,"href":"http:\/\/opcina-prgomet.hr\/wp\/wp-json\/wp\/v2\/pages\/1884\/revisions"}],"predecessor-version":[{"id":2219,"href":"http:\/\/opcina-prgomet.hr\/wp\/wp-json\/wp\/v2\/pages\/1884\/revisions\/2219"}],"wp:attachment":[{"href":"http:\/\/opcina-prgomet.hr\/wp\/wp-json\/wp\/v2\/media?parent=1884"}],"curies":[{"name":"wp","href":"https:\/\/api.w.org\/{rel}","templated":true}]}}