{"id":10,"date":"2018-12-05T23:05:46","date_gmt":"2018-12-05T23:05:46","guid":{"rendered":"http:\/\/opcina-prgomet.hr\/wp\/?page_id=10"},"modified":"2018-12-08T22:45:30","modified_gmt":"2018-12-08T22:45:30","slug":"naslovnica","status":"publish","type":"page","link":"http:\/\/opcina-prgomet.hr\/wp\/","title":{"rendered":"Op\u0107ina Prgomet"},"content":{"rendered":"<p>Podru\u010dje op\u0107ine Prgomet pripada zagorskom dijelu Splitsko &#8211; dalmatinske \u017eupanije, smje\u0161tena je u zale\u0111u Trogira i Ka\u0161tela, a sastoji se od naselja Labin, Prgomet, Trolokve, Sitno i Bogdanovi\u0107i.<\/p>\n<p>Op\u0107ina Prgomet ima povr\u0161inu od 77.21 km odnosno 7 721 ha (Prgomet 809 ha, Labin 2 124 ha, Trolokve 1 409 ha, Bogdanovi\u0107i 2 066 ha, Sitno 1 300 ha) \u0161to \u010dini 1,71\u00a0% ukupne povr\u0161ine \u017dupanije.<\/p>\n<p>Okru\u017eena je brdima od kojih je O\u0161ljak na jugu, Pra\u0107a na zapadu, Ljube\u010d na sjeveru te Opor\u00a0 i Papi\u0107 &#8211; brdo na istoku &#8211; jugoistoku.<\/p>\n<p>Kroz mjesto Prgomet prolazi \u017eeljezni\u010dka pruga\u00a0<a title=\"Split\" href=\"http:\/\/hr.wikipedia.org\/wiki\/Split\" target=\"_blank\" rel=\"noopener\">Split<\/a>&#8211;<a title=\"Perkovi\u0107\" href=\"http:\/\/hr.wikipedia.org\/wiki\/Perkovi%C4%87\" target=\"_blank\" rel=\"noopener\">Perkovi\u0107<\/a>\u00a0te \u017eupanijska cesta \u017d6091. Sjeverno od mjesta je i \u010dvor Prgomet autoceste\u00a0<a title=\"Autocesta A1\" href=\"http:\/\/hr.wikipedia.org\/wiki\/Autocesta_A1\">A1<\/a>\u00a0Zagreb &#8211; Split.<\/p>\n<p>Danas na podru\u010dju op\u0107ine Prgomet \u017eivi cca 700 stanovnika, a broj se tijekom vikenda i \u00a0ljetnih mjeseci pove\u0107ava za cca 300 osoba.<\/p>\n<p>Stanovni\u0161tvo se uglavnom bavi poljoprivredom i sto\u010darstvom. Te se na podru\u010dju op\u0107ine nalazi manji broj obiteljskih gospodarstava.Okolicu krase zelenilo, te plodna crvena zemlja na kojoj radi\u0161ni mje\u0161tani uzgajaju razne poljoprivredne kulture.<\/p>\n<p style=\"text-align: center;\">\u00a0<\/p>\n\n\n<figure class=\"wp-block-embed-youtube wp-block-embed is-type-video is-provider-youtube wp-embed-aspect-16-9 wp-has-aspect-ratio\"><div class=\"wp-block-embed__wrapper\">\n<iframe loading=\"lazy\" width=\"735\" height=\"413\" src=\"https:\/\/www.youtube.com\/embed\/zsdy5cExwCs?feature=oembed\" frameborder=\"0\" allow=\"accelerometer; autoplay; encrypted-media; gyroscope; picture-in-picture\" allowfullscreen><\/iframe>\n<\/div><\/figure>\n","protected":false},"excerpt":{"rendered":"<p>Podru\u010dje op\u0107ine Prgomet pripada zagorskom dijelu Splitsko &#8211; dalmatinske \u017eupanije, smje\u0161tena je u zale\u0111u Trogira i Ka\u0161tela, a sastoji se od naselja Labin, Prgomet, Trolokve, Sitno i Bogdanovi\u0107i. Op\u0107ina Prgomet &hellip; <\/p>\n","protected":false},"author":1,"featured_media":0,"parent":0,"menu_order":0,"comment_status":"closed","ping_status":"closed","template":"","meta":{"footnotes":""},"class_list":["post-10","page","type-page","status-publish","hentry"],"_links":{"self":[{"href":"http:\/\/opcina-prgomet.hr\/wp\/wp-json\/wp\/v2\/pages\/10","targetHints":{"allow":["GET"]}}],"collection":[{"href":"http:\/\/opcina-prgomet.hr\/wp\/wp-json\/wp\/v2\/pages"}],"about":[{"href":"http:\/\/opcina-prgomet.hr\/wp\/wp-json\/wp\/v2\/types\/page"}],"author":[{"embeddable":true,"href":"http:\/\/opcina-prgomet.hr\/wp\/wp-json\/wp\/v2\/users\/1"}],"replies":[{"embeddable":true,"href":"http:\/\/opcina-prgomet.hr\/wp\/wp-json\/wp\/v2\/comments?post=10"}],"version-history":[{"count":5,"href":"http:\/\/opcina-prgomet.hr\/wp\/wp-json\/wp\/v2\/pages\/10\/revisions"}],"predecessor-version":[{"id":297,"href":"http:\/\/opcina-prgomet.hr\/wp\/wp-json\/wp\/v2\/pages\/10\/revisions\/297"}],"wp:attachment":[{"href":"http:\/\/opcina-prgomet.hr\/wp\/wp-json\/wp\/v2\/media?parent=10"}],"curies":[{"name":"wp","href":"https:\/\/api.w.org\/{rel}","templated":true}]}}